{"id":1739,"date":"2023-02-21T13:21:25","date_gmt":"2023-02-21T12:21:25","guid":{"rendered":"https:\/\/salm-austria.com\/datenschutz\/"},"modified":"2025-03-07T17:40:47","modified_gmt":"2025-03-07T16:40:47","slug":"politica-de-privacidad","status":"publish","type":"page","link":"https:\/\/salm-austria.com\/es\/politica-de-privacidad\/","title":{"rendered":"Pol\u00edtica de privacidad"},"content":{"rendered":"<div class=\"fusion-fullwidth fullwidth-box fusion-builder-row-1 fusion-flex-container nonhundred-percent-fullwidth non-hundred-percent-height-scrolling\" style=\"--awb-border-radius-top-left:0px;--awb-border-radius-top-right:0px;--awb-border-radius-bottom-right:0px;--awb-border-radius-bottom-left:0px;--awb-flex-wrap:wrap;\" ><div class=\"fusion-builder-row fusion-row fusion-flex-align-items-flex-start fusion-flex-content-wrap\" style=\"max-width:1404px;margin-left: calc(-4% \/ 2 );margin-right: calc(-4% \/ 2 );\"><div class=\"fusion-layout-column fusion_builder_column fusion-builder-column-0 fusion_builder_column_1_1 1_1 fusion-flex-column\" style=\"--awb-bg-blend:overlay;--awb-bg-size:cover;--awb-width-large:100%;--awb-margin-top-large:0px;--awb-spacing-right-large:1.92%;--awb-margin-bottom-large:0px;--awb-spacing-left-large:1.92%;--awb-width-medium:100%;--awb-spacing-right-medium:1.92%;--awb-spacing-left-medium:1.92%;--awb-width-small:100%;--awb-spacing-right-small:1.92%;--awb-spacing-left-small:1.92%;\"><div class=\"fusion-column-wrapper fusion-flex-justify-content-flex-start fusion-content-layout-column\"><div class=\"fusion-text fusion-text-1\"><h1 class=\"\" data-fontsize=\"32\" data-lineheight=\"37.12px\">Pol\u00edtica de privacidad<\/h1>\n<p><strong>(<\/strong><b>Pol\u00edtica de privacidad<\/b><strong>)<\/strong><\/p>\n<p>La protecci\u00f3n de sus datos personales es una preocupaci\u00f3n importante para nosotros. Por lo tanto, procesamos sus datos exclusivamente en base a las disposiciones legales (GDPR, TKG 2003). En esta declaraci\u00f3n de privacidad, le informamos sobre los aspectos m\u00e1s importantes del procesamiento de datos en nuestro sitio web.<\/p>\n<h2 class=\"\" data-fontsize=\"40\" data-lineheight=\"48px\">Contacto con nosotros<\/h2>\n<p>Si se comunica con nosotros a trav\u00e9s del formulario en el sitio web o por correo electr\u00f3nico, los datos que proporcione se almacenar\u00e1n en nuestra base de datos de clientes para procesar la solicitud y en caso de preguntas de seguimiento. Los datos se almacenar\u00e1n mientras sean necesarios para procesar su solicitud o cumplir con el contrato, o mientras los necesitemos para nuestros fines de inter\u00e9s leg\u00edtimo. No compartimos estos datos sin su consentimiento.<\/p>\n<p>El procesamiento de datos se basa en las disposiciones legales del \u00a7 96 p\u00e1rr. 3 TKG y el Art. 6 p\u00e1rr. 1 lit a (consentimiento) y\/o f (inter\u00e9s leg\u00edtimo) del GDPR.<\/p>\n<h2 class=\"\" data-fontsize=\"40\" data-lineheight=\"48px\">An\u00e1lisis web<\/h2>\n<p class=\"content-p\">Este sitio web utiliza Google Analytics, un servicio de an\u00e1lisis web de Google Inc., 1600 Amphitheatre Parkway, Mountain View, CA 94043, EE.UU. (\u00abGoogle\u00bb). Google Analytics utiliza \u00abcookies\u00bb, archivos de texto que se almacenan en su ordenador y permiten un an\u00e1lisis de su uso del sitio web. La informaci\u00f3n generada por la cookie sobre su uso de este sitio web se transmite generalmente a un servidor de Google en los EE. UU. y se almacena all\u00ed. En casos excepcionales, la direcci\u00f3n IP completa se transfiere a un servidor de Google en los EE. UU. y se acorta all\u00ed. A petici\u00f3n del operador de este sitio web, Google utilizar\u00e1 esta informaci\u00f3n para evaluar su uso del sitio web, compilar informes sobre la actividad del sitio web y proporcionar otros servicios relacionados con el uso del sitio web e Internet al operador del sitio web. La direcci\u00f3n IP transmitida por su navegador como parte de Google Analytics no se combinar\u00e1 con otros datos de Google. Puede evitar el almacenamiento de cookies configurando su software de navegador en consecuencia; sin embargo, le informamos que en este caso es posible que no pueda utilizar todas las funciones de este sitio web en su totalidad. Tambi\u00e9n puede evitar la recopilaci\u00f3n de los datos generados por la cookie y relacionados con su uso del sitio web (incluida su direcci\u00f3n IP) por parte de Google y el procesamiento de estos datos por parte de Google descargando e instalando el complemento de navegador disponible en el siguiente enlace: <a href=\"https:\/\/tools.google.com\/dlpage\/gaoptout?hl=de\" target=\"_blank\" rel=\"noopener noreferrer\">https:\/\/tools.google.com\/dlpage\/gaoptout?hl=de<\/a>.<\/p>\n<p class=\"content-p\">Para m\u00e1s informaci\u00f3n sobre la protecci\u00f3n de datos en relaci\u00f3n con Google Analytics y sus opciones al respecto, visite: <a href=\"https:\/\/www.google.at\/intl\/de_ALL\/analytics\/learn\/privacy.html\" target=\"_blank\" rel=\"noopener noreferrer\">https:\/\/www.google.at\/intl\/de_ALL\/analytics\/learn\/privacy.html<\/a>.<\/p>\n<p>Su direcci\u00f3n IP se recoge, pero se anonimiza inmediatamente acortando los \u00faltimos d\u00edgitos. Esto solo permite una localizaci\u00f3n aproximada.<\/p>\n<p>La relaci\u00f3n con el proveedor de an\u00e1lisis web se basa en el \u00abPrivacy Shield de EE.UU.\u00bb<\/p>\n<p>El procesamiento de datos se basa en las disposiciones legales del \u00a7 96 p\u00e1rr. 3 TKG y el Art. 6 p\u00e1rr. 1 lit a (consentimiento) y\/o f (inter\u00e9s leg\u00edtimo) del GDPR.<\/p>\n<p>Nuestro inter\u00e9s leg\u00edtimo en t\u00e9rminos del GDPR es mejorar nuestra oferta y presencia en la web. Dado que la privacidad de nuestros usuarios es importante para nosotros, los datos de los usuarios se pseudonimizan.<\/p>\n<h2 class=\"fusion-responsive-typography-calculated\" data-fontsize=\"40\" data-lineheight=\"48px\">Matomo<\/h2>\n<div id=\"matomo-opt-out\"><\/div>\n<p><script src=\"https:\/\/stats.inconcepts.at\/index.php?module=CoreAdminHome&amp;action=optOutJS&amp;divId=matomo-opt-out&amp;language=auto&amp;showIntro=1\"><\/script><\/p>\n<h2 class=\"\" data-fontsize=\"40\" data-lineheight=\"48px\">Uso de Google AdWords<\/h2>\n<p class=\"content-p\">Utilizamos Google AdWords, un programa de publicidad en l\u00ednea de Google Inc., en nuestro sitio web. Tambi\u00e9n se emplea el seguimiento de conversiones. Google AdWords coloca una cookie en su PC si accede a nuestro sitio web a trav\u00e9s de un anuncio de Google. La cookie pierde su validez despu\u00e9s de 30 d\u00edas. No se utiliza para la identificaci\u00f3n personal. Si visita nuestro sitio web y la cookie a\u00fan est\u00e1 activa, tanto nosotros como Google podemos reconocer que hizo clic en el anuncio correspondiente y fue redirigido a nuestro sitio. A cada cliente de Google AdWords se le asigna una cookie diferente. Las cookies no se pueden rastrear a trav\u00e9s de los sitios web de los clientes de AdWords. La informaci\u00f3n obtenida a trav\u00e9s de las cookies de conversi\u00f3n se utiliza para crear estad\u00edsticas de conversi\u00f3n para los clientes de AdWords. Como clientes, conocemos el n\u00famero total de usuarios que respondieron a nuestro anuncio y fueron redirigidos a un sitio web que contiene una etiqueta de seguimiento de conversiones. No recibimos ninguna informaci\u00f3n que pueda identificarle personalmente como usuario. Si no desea participar en el proceso de seguimiento, puede desactivar la cookie de seguimiento de conversiones de Google a trav\u00e9s de su navegador de Internet. Utilice la funci\u00f3n de ayuda de su navegador para obtener m\u00e1s informaci\u00f3n. Puede obtener m\u00e1s detalles sobre las pol\u00edticas de privacidad de Google en: <a href=\"https:\/\/www.google.de\/policies\/privacy\/\" target=\"_blank\" rel=\"noopener noreferrer\">https:\/\/www.google.de\/policies\/privacy\/<\/a>.<\/p>\n<h2 class=\"\" data-fontsize=\"40\" data-lineheight=\"48px\">Google Analytics Remarketing<\/h2>\n<p class=\"content-p\">Usamos la funci\u00f3n de remarketing de Google Inc. en nuestro sitio web. Con esta funci\u00f3n, presentamos anuncios adaptados y basados en los intereses de nuestros visitantes junto con Google. Para ello, se colocan cookies en su ordenador. Estos son archivos de texto que reconocen a los usuarios cuando visitan sitios web y permiten la publicidad basada en intereses en toda la red de Google. Google niega la recopilaci\u00f3n de datos personales en este contexto y, seg\u00fan sus propias declaraciones, no establece conexiones con otros servicios de Google. Puede desactivar la funci\u00f3n de remarketing de Google configurando las opciones en <a href=\"https:\/\/www.google.com\/settings\/ads\" target=\"_blank\" rel=\"noopener noreferrer\">https:\/\/www.google.com\/settings\/ads<\/a> Adem\u00e1s, el uso de cookies se puede desactivar a trav\u00e9s de <a href=\"https:\/\/www.networkadvertising.org\/managing\/opt_out.asp\" target=\"_blank\" rel=\"noopener noreferrer\">https:\/\/www.networkadvertising.org\/managing\/opt_out.asp<\/a> o cambiando la configuraci\u00f3n en su navegador. Utilice su funci\u00f3n de ayuda si es necesario. Para m\u00e1s informaci\u00f3n sobre Google remarketing y la pol\u00edtica de privacidad general de Google, visite: <a href=\"https:\/\/www.google.com\/privacy\/ads\/\" target=\"_blank\" rel=\"noopener noreferrer\">https:\/\/www.google.com\/privacy\/ads\/<\/a>.<\/p>\n<p><strong>Sus derechos<\/strong><\/p>\n<p class=\"content-p\">Usted tiene derecho a la informaci\u00f3n, rectificaci\u00f3n, eliminaci\u00f3n, restricci\u00f3n, portabilidad de datos, revocaci\u00f3n y oposici\u00f3n. Si cree que el procesamiento de sus datos viola la ley de protecci\u00f3n de datos o que sus derechos de protecci\u00f3n de datos han sido infringidos de alguna manera, puede presentar una queja ante la autoridad supervisora. En Austria, esta es la Autoridad de Protecci\u00f3n de Datos.<\/p>\n<h2 class=\"\" data-fontsize=\"40\" data-lineheight=\"48px\">Puede contactarnos a trav\u00e9s de los siguientes datos:<\/h2>\n<p><strong>O.Salm &amp; Co GmbH<\/strong><br \/>\nApollogasse 6<br \/>\nA-1072 Viena<\/p>\n<p>Tel\u00e9fono: <a href=\"tel:+4315231236\">+43 1 523 1236<\/a><br \/>\nFax: +43 1 526 7343<br \/>\nCorreo electr\u00f3nico: <a href=\"mailto:office.vienna@salm-austria.com\">office.vienna@salm-austria.com<\/a><\/p>\n<\/div><\/div><\/div><\/div><\/div>\n","protected":false},"excerpt":{"rendered":"","protected":false},"author":1,"featured_media":0,"parent":0,"menu_order":0,"comment_status":"closed","ping_status":"closed","template":"100-width.php","meta":{"_acf_changed":false,"footnotes":""},"class_list":["post-1739","page","type-page","status-publish","hentry"],"acf":[],"_links":{"self":[{"href":"https:\/\/salm-austria.com\/es\/wp-json\/wp\/v2\/pages\/1739","targetHints":{"allow":["GET"]}}],"collection":[{"href":"https:\/\/salm-austria.com\/es\/wp-json\/wp\/v2\/pages"}],"about":[{"href":"https:\/\/salm-austria.com\/es\/wp-json\/wp\/v2\/types\/page"}],"author":[{"embeddable":true,"href":"https:\/\/salm-austria.com\/es\/wp-json\/wp\/v2\/users\/1"}],"replies":[{"embeddable":true,"href":"https:\/\/salm-austria.com\/es\/wp-json\/wp\/v2\/comments?post=1739"}],"version-history":[{"count":5,"href":"https:\/\/salm-austria.com\/es\/wp-json\/wp\/v2\/pages\/1739\/revisions"}],"predecessor-version":[{"id":1741,"href":"https:\/\/salm-austria.com\/es\/wp-json\/wp\/v2\/pages\/1739\/revisions\/1741"}],"wp:attachment":[{"href":"https:\/\/salm-austria.com\/es\/wp-json\/wp\/v2\/media?parent=1739"}],"curies":[{"name":"wp","href":"https:\/\/api.w.org\/{rel}","templated":true}]}}