{"id":1738,"date":"2023-02-21T13:21:08","date_gmt":"2023-02-21T12:21:08","guid":{"rendered":"https:\/\/salm-austria.com\/impressum\/"},"modified":"2024-10-02T15:07:43","modified_gmt":"2024-10-02T13:07:43","slug":"aviso-legal","status":"publish","type":"page","link":"https:\/\/salm-austria.com\/es\/aviso-legal\/","title":{"rendered":"Aviso legal"},"content":{"rendered":"<div class=\"fusion-fullwidth fullwidth-box fusion-builder-row-1 fusion-flex-container nonhundred-percent-fullwidth non-hundred-percent-height-scrolling\" style=\"--awb-border-radius-top-left:0px;--awb-border-radius-top-right:0px;--awb-border-radius-bottom-right:0px;--awb-border-radius-bottom-left:0px;--awb-flex-wrap:wrap;\" ><div class=\"fusion-builder-row fusion-row fusion-flex-align-items-flex-start fusion-flex-content-wrap\" style=\"max-width:1404px;margin-left: calc(-4% \/ 2 );margin-right: calc(-4% \/ 2 );\"><div class=\"fusion-layout-column fusion_builder_column fusion-builder-column-0 fusion_builder_column_1_1 1_1 fusion-flex-column\" style=\"--awb-bg-size:cover;--awb-width-large:100%;--awb-margin-top-large:0px;--awb-spacing-right-large:1.92%;--awb-margin-bottom-large:0px;--awb-spacing-left-large:1.92%;--awb-width-medium:100%;--awb-spacing-right-medium:1.92%;--awb-spacing-left-medium:1.92%;--awb-width-small:100%;--awb-spacing-right-small:1.92%;--awb-spacing-left-small:1.92%;\"><div class=\"fusion-column-wrapper fusion-flex-justify-content-flex-start fusion-content-layout-column\"><div class=\"fusion-text fusion-text-1\"><h1 class=\"fusion-responsive-typography-calculated\" style=\"--fontsize: 35; line-height: 1.2;\" data-fontsize=\"35\" data-lineheight=\"42px\">Aviso legal<\/h1>\n<p>De acuerdo con el \u00a7 6 n. F. TDG seg\u00fan la Ley sobre las condiciones legales para el comercio electr\u00f3nico. O. Salm &amp; Co GmbH no asume ninguna responsabilidad por la integridad o exactitud de la informaci\u00f3n proporcionada.<\/p>\n<p><strong>O.Salm &amp; Co GmbH<\/strong><br \/>Apollogasse 6<br \/>A-1072 Viena<\/p>\n<p>Tel\u00e9fono: <a href=\"tel:+4315231236\">+43 1 523 1236<\/a><br \/>Fax: +43 1 526 7343<br \/>Correo electr\u00f3nico: <a href=\"mailto:office.vienna@salm-austria.com\">office.vienna@salm-austria.com<\/a><\/p>\n<p>Director General: Walter Welledits<br \/>Tribunal de Registro: Tribunal Comercial de Viena<br \/>N\u00famero de Registro: Fn 118282w<br \/>N\u00famero de Identificaci\u00f3n Fiscal: ATU14653409<\/p>\n<p>Responsable del contenido seg\u00fan el \u00a7 10 p\u00e1rrafo 3 MDStV: Ing. Albert Welledits<\/p>\n<p><a href=\"https:\/\/firmen.wko.at\/o-salm---co-gesellschaft-mbh---co-kg\/wien\/?firmaid=b6e5eac7-4ed8-4b22-957b-52a6219e23ab&amp;suchbegriff=o%20salm\" rel=\"noopener\" target=\"_blank\">Obligaci\u00f3n de informaci\u00f3n seg\u00fan ECG y Ley de Medios en WKO.at &gt;<\/a><\/p>\n<p>Dise\u00f1o web y realizaci\u00f3n t\u00e9cnica: <a href=\"https:\/\/www.inconcepts.at\/\" target=\"_blank\" rel=\"noopener\">INCONCEPTS Kreativ- &amp; Digitalagentur<\/a><\/p>\n<\/div><\/div><\/div><\/div><\/div>\n","protected":false},"excerpt":{"rendered":"","protected":false},"author":1,"featured_media":0,"parent":0,"menu_order":0,"comment_status":"closed","ping_status":"closed","template":"100-width.php","meta":{"_acf_changed":false,"footnotes":""},"class_list":["post-1738","page","type-page","status-publish","hentry"],"acf":[],"_links":{"self":[{"href":"https:\/\/salm-austria.com\/es\/wp-json\/wp\/v2\/pages\/1738","targetHints":{"allow":["GET"]}}],"collection":[{"href":"https:\/\/salm-austria.com\/es\/wp-json\/wp\/v2\/pages"}],"about":[{"href":"https:\/\/salm-austria.com\/es\/wp-json\/wp\/v2\/types\/page"}],"author":[{"embeddable":true,"href":"https:\/\/salm-austria.com\/es\/wp-json\/wp\/v2\/users\/1"}],"replies":[{"embeddable":true,"href":"https:\/\/salm-austria.com\/es\/wp-json\/wp\/v2\/comments?post=1738"}],"version-history":[{"count":4,"href":"https:\/\/salm-austria.com\/es\/wp-json\/wp\/v2\/pages\/1738\/revisions"}],"predecessor-version":[{"id":1808,"href":"https:\/\/salm-austria.com\/es\/wp-json\/wp\/v2\/pages\/1738\/revisions\/1808"}],"wp:attachment":[{"href":"https:\/\/salm-austria.com\/es\/wp-json\/wp\/v2\/media?parent=1738"}],"curies":[{"name":"wp","href":"https:\/\/api.w.org\/{rel}","templated":true}]}}